{"id":295,"date":"2025-08-05T15:23:08","date_gmt":"2025-08-05T18:23:08","guid":{"rendered":"https:\/\/procopiosolucoesfinanceira.com.br\/?page_id=295"},"modified":"2025-08-05T15:39:15","modified_gmt":"2025-08-05T18:39:15","slug":"dados-pessoais","status":"publish","type":"page","link":"https:\/\/procopiosolucoesfinanceira.com.br\/?page_id=295","title":{"rendered":"Dados Pessoais"},"content":{"rendered":"\t\t<div data-elementor-type=\"wp-page\" data-elementor-id=\"295\" class=\"elementor elementor-295\" data-elementor-post-type=\"page\">\n\t\t\t\t\t\t<section class=\"elementor-section elementor-top-section elementor-element elementor-element-6dcc63c elementor-section-boxed elementor-section-height-default elementor-section-height-default\" data-id=\"6dcc63c\" data-element_type=\"section\">\n\t\t\t\t\t\t<div class=\"elementor-container elementor-column-gap-default\">\n\t\t\t\t\t<div class=\"elementor-column elementor-col-100 elementor-top-column elementor-element elementor-element-664ad93\" data-id=\"664ad93\" data-element_type=\"column\">\n\t\t\t<div class=\"elementor-widget-wrap elementor-element-populated\">\n\t\t\t\t\t\t<div class=\"elementor-element elementor-element-3e2a0e4 elementor-widget elementor-widget-heading\" data-id=\"3e2a0e4\" data-element_type=\"widget\" data-widget_type=\"heading.default\">\n\t\t\t\t<div class=\"elementor-widget-container\">\n\t\t\t\t\t<h2 class=\"elementor-heading-title elementor-size-default\">Informa\u00e7\u00f5es de Dados pessoais coletados<\/h2>\t\t\t\t<\/div>\n\t\t\t\t<\/div>\n\t\t\t\t<div class=\"elementor-element elementor-element-0a7404a elementor-widget__width-initial elementor-widget elementor-widget-text-editor\" data-id=\"0a7404a\" data-element_type=\"widget\" data-widget_type=\"text-editor.default\">\n\t\t\t\t<div class=\"elementor-widget-container\">\n\t\t\t\t\t\t\t\t\t<p>Em nosso site, coletamos as seguintes informa\u00e7\u00f5es pessoais: nome, telefone e e-mail. Outros dados pessoais poder\u00e3o ser solicitados apenas por contato telef\u00f4nico, sempre mediante autoriza\u00e7\u00e3o expressa do cliente, exclusivamente para fins de proposta de cr\u00e9dito junto ao Banco Santander.<\/p>\n<p><b>Controladora e Operador<\/b><\/p>\n<p>O Banco Santander atua como Controlador dos dados pessoais, respons\u00e1vel pelas decis\u00f5es referentes ao tratamento dessas informa\u00e7\u00f5es. A Proc\u00f3pio atua como Operador, realizando o tratamento dos dados conforme instru\u00e7\u00f5es do Controlador.<\/p>\n<p>Finalidades e bases legais para o tratamento dos dados<\/p>\n<p>Os dados pessoais s\u00e3o tratados para:<\/p>\n<p>\u2022Contato e comunica\u00e7\u00e3o com o cliente;<\/p>\n<p>\u2022An\u00e1lise e proposta de cr\u00e9dito junto ao Banco Santander;<\/p>\n<p>\u2022Cumprimento de obriga\u00e7\u00f5es legais e regulat\u00f3rias;<\/p>\n<p>\u2022Prote\u00e7\u00e3o dos direitos da empresa e do cliente.<\/p>\n<p><b>O tratamento \u00e9 realizado com base nas seguintes bases legais da LGPD:<\/b><\/p>\n<p>\u2022Consentimento do titular;<\/p>\n<p>\u2022Execu\u00e7\u00e3o de contrato ou procedimentos preliminares relacionados a contrato;<\/p>\n<p>\u2022Cumprimento de obriga\u00e7\u00e3o legal ou regulat\u00f3ria;<\/p>\n<p>\u2022Leg\u00edtimo interesse, quando aplic\u00e1vel.<\/p>\n<p><b>Prazo de armazenamento dos dados<\/b><\/p>\n<p>Os dados pessoais ser\u00e3o armazenados enquanto forem necess\u00e1rios para a finalidade de seu tratamento, observando prazos legais e regulat\u00f3rios aplic\u00e1veis. Ap\u00f3s esse per\u00edodo, os dados ser\u00e3o eliminados ou anonimizados.<\/p>\n<p><b>Direitos dos titulares<\/b><\/p>\n<p>De acordo com o artigo 18 da LGPD, o titular dos dados pessoais tem direito a:<\/p>\n<p>\u2022Confirma\u00e7\u00e3o da exist\u00eancia do tratamento;<\/p>\n<p>\u2022Acesso aos dados;<\/p>\n<p>\u2022Corre\u00e7\u00e3o de dados incompletos, inexatos ou desatualizados;<\/p>\n<p>\u2022Anonimiza\u00e7\u00e3o, bloqueio ou elimina\u00e7\u00e3o de dados desnecess\u00e1rios, excessivos ou tratados em desconformidade com a LGPD;<\/p>\n<p>\u2022Portabilidade dos dados a outro fornecedor de servi\u00e7o ou produto, mediante requisi\u00e7\u00e3o expressa;<\/p>\n<p>\u2022Elimina\u00e7\u00e3o dos dados pessoais tratados com consentimento, exceto nas hip\u00f3teses legais;<\/p>\n<p>\u2022Informa\u00e7\u00e3o sobre compartilhamento e finalidade do tratamento;<\/p>\n<p>\u2022Revoga\u00e7\u00e3o do consentimento.<\/p>\n<p>Para exercer seus direitos, o titular pode entrar em contato com nosso encarregado de prote\u00e7\u00e3o de dados pelo email:&nbsp;<span style=\"font-size: 1rem;\"><b>kayque.dias1@procopiosolucoes.com.br<\/b><\/span><\/p>\t\t\t\t\t\t\t\t<\/div>\n\t\t\t\t<\/div>\n\t\t\t\t\t<\/div>\n\t\t<\/div>\n\t\t\t\t\t<\/div>\n\t\t<\/section>\n\t\t\t\t<\/div>\n\t\t","protected":false},"excerpt":{"rendered":"<p>Informa\u00e7\u00f5es de Dados pessoais coletados Em nosso site, coletamos as seguintes informa\u00e7\u00f5es pessoais: nome, telefone e e-mail. Outros dados pessoais poder\u00e3o ser solicitados apenas por contato telef\u00f4nico, sempre mediante autoriza\u00e7\u00e3o expressa do cliente, exclusivamente para fins de proposta de cr\u00e9dito junto ao Banco Santander. Controladora e Operador O Banco Santander atua como Controlador dos dados [&hellip;]<\/p>\n","protected":false},"author":1,"featured_media":0,"parent":0,"menu_order":0,"comment_status":"closed","ping_status":"closed","template":"","meta":{"footnotes":""},"class_list":["post-295","page","type-page","status-publish","hentry"],"_links":{"self":[{"href":"https:\/\/procopiosolucoesfinanceira.com.br\/index.php?rest_route=\/wp\/v2\/pages\/295","targetHints":{"allow":["GET"]}}],"collection":[{"href":"https:\/\/procopiosolucoesfinanceira.com.br\/index.php?rest_route=\/wp\/v2\/pages"}],"about":[{"href":"https:\/\/procopiosolucoesfinanceira.com.br\/index.php?rest_route=\/wp\/v2\/types\/page"}],"author":[{"embeddable":true,"href":"https:\/\/procopiosolucoesfinanceira.com.br\/index.php?rest_route=\/wp\/v2\/users\/1"}],"replies":[{"embeddable":true,"href":"https:\/\/procopiosolucoesfinanceira.com.br\/index.php?rest_route=%2Fwp%2Fv2%2Fcomments&post=295"}],"version-history":[{"count":13,"href":"https:\/\/procopiosolucoesfinanceira.com.br\/index.php?rest_route=\/wp\/v2\/pages\/295\/revisions"}],"predecessor-version":[{"id":309,"href":"https:\/\/procopiosolucoesfinanceira.com.br\/index.php?rest_route=\/wp\/v2\/pages\/295\/revisions\/309"}],"wp:attachment":[{"href":"https:\/\/procopiosolucoesfinanceira.com.br\/index.php?rest_route=%2Fwp%2Fv2%2Fmedia&parent=295"}],"curies":[{"name":"wp","href":"https:\/\/api.w.org\/{rel}","templated":true}]}}