{"id":226,"date":"2025-05-08T17:31:09","date_gmt":"2025-05-08T17:31:09","guid":{"rendered":"https:\/\/procopiosolucoesfinanceira.com.br\/?page_id=226"},"modified":"2025-05-08T15:10:34","modified_gmt":"2025-05-08T18:10:34","slug":"lgpd","status":"publish","type":"page","link":"https:\/\/procopiosolucoesfinanceira.com.br\/?page_id=226","title":{"rendered":"LGPD"},"content":{"rendered":"\t\t<div data-elementor-type=\"wp-page\" data-elementor-id=\"226\" class=\"elementor elementor-226\" data-elementor-post-type=\"page\">\n\t\t\t\t\t\t<section class=\"elementor-section elementor-top-section elementor-element elementor-element-6dcc63c elementor-section-boxed elementor-section-height-default elementor-section-height-default\" data-id=\"6dcc63c\" data-element_type=\"section\">\n\t\t\t\t\t\t<div class=\"elementor-container elementor-column-gap-default\">\n\t\t\t\t\t<div class=\"elementor-column elementor-col-100 elementor-top-column elementor-element elementor-element-664ad93\" data-id=\"664ad93\" data-element_type=\"column\">\n\t\t\t<div class=\"elementor-widget-wrap elementor-element-populated\">\n\t\t\t\t\t\t<div class=\"elementor-element elementor-element-3e2a0e4 elementor-widget elementor-widget-heading\" data-id=\"3e2a0e4\" data-element_type=\"widget\" data-widget_type=\"heading.default\">\n\t\t\t\t<div class=\"elementor-widget-container\">\n\t\t\t\t\t<h2 class=\"elementor-heading-title elementor-size-default\">LGPD<\/h2>\t\t\t\t<\/div>\n\t\t\t\t<\/div>\n\t\t\t\t<div class=\"elementor-element elementor-element-0a7404a elementor-widget elementor-widget-text-editor\" data-id=\"0a7404a\" data-element_type=\"widget\" data-widget_type=\"text-editor.default\">\n\t\t\t\t<div class=\"elementor-widget-container\">\n\t\t\t\t\t\t\t\t\t<p><strong>LGPD<\/strong><\/p><p>A lei evidencia temas como privacidade e prote\u00e7\u00e3o de dados pessoais e envolve todas as \u00e1reas da Proc\u00f3pio.<\/p><p>A Lei Geral de Prote\u00e7\u00e3o de Dados Pessoais (LGPD) foi criada em agosto de 2018, entrou em vigor agosto de 2021. O objetivo da Lei est\u00e1 no tratamento e o armazenamento de informa\u00e7\u00f5es pessoais em defesa do consumidor e sua seguran\u00e7a.<\/p><p>A Proc\u00f3pio, trata o o tema de como um compromisso, envolvendo todos de acordo com as responsabilidades.<\/p><p><strong>Garantimos: <\/strong><\/p><p><strong>Governan\u00e7a e Pol\u00edticas <\/strong>\u2013 As Pol\u00edticas internas foram criadas para construir um crescimento da empresa Proc\u00f3pio de forma segura, s\u00e3o discutidas e revisadas por comit\u00ea interno, e divulgadas para todos que atuam na Proc\u00f3pio seja como prestador de servi\u00e7os\/parceiros e fornecedores.<\/p><p><strong>Comunica\u00e7\u00e3o e treinamentos<\/strong>\u00a0\u2013 Todas as pol\u00edticas s\u00e3o de acesso e obrigat\u00f3rias a todos os envolvidos na Proc\u00f3pio.<\/p><p>Todos os parceiros da \u00e1rea operacional t\u00eam curso de LGPD, assim como de PLDFT- certifica\u00e7\u00e3o de Preven\u00e7\u00e3o \u00e0 Lavagem de Dinheiro e ao Financiamento do Terrorismo, todos com certificados.<\/p><p>Garantimos a administra\u00e7\u00e3o dos certificados, vencimentos e renova\u00e7\u00f5es, assim como treinamentos Internos, ministrado pela \u00e1rea de treinamento da Proc\u00f3pio que aborda LGPD, PLDFT, SI, Confidencialidade, Responsabilidades, Pol\u00edticas Internas, e processos de capacita\u00e7\u00e3o profissional.<\/p><p><strong>Seguran\u00e7a tecnol\u00f3gica<\/strong>\u00a0\u2013 Foram criados novos fluxos, documenta\u00e7\u00f5es e revis\u00f5es peri\u00f3dicas, para toda a \u00e1rea de tecnologia e seguran\u00e7a da Informa\u00e7\u00e3o, assim garantimos o cumprimento da Lei.<\/p><p><strong>Comunica\u00e7\u00e3o e informa\u00e7\u00e3o p\u00fablica<\/strong>\u00a0\u2013 Nossa comunica\u00e7\u00e3o p\u00fablica e canal de\u00a0<strong>ouvidoria<\/strong>, \u00e9 revisado e monitorado, para garantir transpar\u00eancia e seguran\u00e7a externa em rela\u00e7\u00e3o a LGPD e qualquer outra necessidade de den\u00fancia e comunica\u00e7\u00e3o.<\/p>\t\t\t\t\t\t\t\t<\/div>\n\t\t\t\t<\/div>\n\t\t\t\t\t<\/div>\n\t\t<\/div>\n\t\t\t\t\t<\/div>\n\t\t<\/section>\n\t\t\t\t<\/div>\n\t\t","protected":false},"excerpt":{"rendered":"<p>LGPD LGPD A lei evidencia temas como privacidade e prote\u00e7\u00e3o de dados pessoais e envolve todas as \u00e1reas da Proc\u00f3pio. A Lei Geral de Prote\u00e7\u00e3o de Dados Pessoais (LGPD) foi criada em agosto de 2018, entrou em vigor agosto de 2021. O objetivo da Lei est\u00e1 no tratamento e o armazenamento de informa\u00e7\u00f5es pessoais em [&hellip;]<\/p>\n","protected":false},"author":1,"featured_media":0,"parent":0,"menu_order":0,"comment_status":"closed","ping_status":"closed","template":"","meta":{"footnotes":""},"class_list":["post-226","page","type-page","status-publish","hentry"],"_links":{"self":[{"href":"https:\/\/procopiosolucoesfinanceira.com.br\/index.php?rest_route=\/wp\/v2\/pages\/226","targetHints":{"allow":["GET"]}}],"collection":[{"href":"https:\/\/procopiosolucoesfinanceira.com.br\/index.php?rest_route=\/wp\/v2\/pages"}],"about":[{"href":"https:\/\/procopiosolucoesfinanceira.com.br\/index.php?rest_route=\/wp\/v2\/types\/page"}],"author":[{"embeddable":true,"href":"https:\/\/procopiosolucoesfinanceira.com.br\/index.php?rest_route=\/wp\/v2\/users\/1"}],"replies":[{"embeddable":true,"href":"https:\/\/procopiosolucoesfinanceira.com.br\/index.php?rest_route=%2Fwp%2Fv2%2Fcomments&post=226"}],"version-history":[{"count":17,"href":"https:\/\/procopiosolucoesfinanceira.com.br\/index.php?rest_route=\/wp\/v2\/pages\/226\/revisions"}],"predecessor-version":[{"id":258,"href":"https:\/\/procopiosolucoesfinanceira.com.br\/index.php?rest_route=\/wp\/v2\/pages\/226\/revisions\/258"}],"wp:attachment":[{"href":"https:\/\/procopiosolucoesfinanceira.com.br\/index.php?rest_route=%2Fwp%2Fv2%2Fmedia&parent=226"}],"curies":[{"name":"wp","href":"https:\/\/api.w.org\/{rel}","templated":true}]}}