{"id":215,"date":"2025-05-08T17:28:15","date_gmt":"2025-05-08T17:28:15","guid":{"rendered":"https:\/\/procopiosolucoesfinanceira.com.br\/?page_id=215"},"modified":"2025-05-08T17:33:25","modified_gmt":"2025-05-08T17:33:25","slug":"seguranca-da-informacao","status":"publish","type":"page","link":"https:\/\/procopiosolucoesfinanceira.com.br\/?page_id=215","title":{"rendered":"Seguran\u00e7a da Informa\u00e7\u00e3o"},"content":{"rendered":"\t\t<div data-elementor-type=\"wp-page\" data-elementor-id=\"215\" class=\"elementor elementor-215\" data-elementor-post-type=\"page\">\n\t\t\t\t\t\t<section class=\"elementor-section elementor-top-section elementor-element elementor-element-6dcc63c elementor-section-boxed elementor-section-height-default elementor-section-height-default\" data-id=\"6dcc63c\" data-element_type=\"section\">\n\t\t\t\t\t\t<div class=\"elementor-container elementor-column-gap-default\">\n\t\t\t\t\t<div class=\"elementor-column elementor-col-100 elementor-top-column elementor-element elementor-element-664ad93\" data-id=\"664ad93\" data-element_type=\"column\">\n\t\t\t<div class=\"elementor-widget-wrap elementor-element-populated\">\n\t\t\t\t\t\t<div class=\"elementor-element elementor-element-3e2a0e4 elementor-widget elementor-widget-heading\" data-id=\"3e2a0e4\" data-element_type=\"widget\" data-widget_type=\"heading.default\">\n\t\t\t\t<div class=\"elementor-widget-container\">\n\t\t\t\t\t<h2 class=\"elementor-heading-title elementor-size-default\">Seguran\u00e7a da Informa\u00e7\u00e3o<\/h2>\t\t\t\t<\/div>\n\t\t\t\t<\/div>\n\t\t\t\t<div class=\"elementor-element elementor-element-0a7404a elementor-widget elementor-widget-text-editor\" data-id=\"0a7404a\" data-element_type=\"widget\" data-widget_type=\"text-editor.default\">\n\t\t\t\t<div class=\"elementor-widget-container\">\n\t\t\t\t\t\t\t\t\t<p>Temos objetivos claros em rela\u00e7\u00e3o a Seguran\u00e7a da Informa\u00e7\u00e3o, a base de prote\u00e7\u00e3o \u00e0 informa\u00e7\u00e3o, s\u00e3o atividades cont\u00ednuas para a prote\u00e7\u00e3o da informa\u00e7\u00e3o. \u00a0<\/p><p><strong>S\u00e3o elas: <\/strong><\/p><p><strong>Garantia de Integridade:<\/strong>\u00a0Garantir que as informa\u00e7\u00f5es sejam mantidas \u00edntegras, sem modifica\u00e7\u00f5es indevidas acidentais ou propositais;<\/p><p><strong>Garantia de Confidencialidade:<\/strong>\u00a0Garantir que as informa\u00e7\u00f5es tratadas sejam de conhecimento exclusivo de pessoas especificamente autorizadas;<\/p><p><strong>Garantia de Disponibilidade:<\/strong>\u00a0Garantir que as informa\u00e7\u00f5es estejam dispon\u00edveis a todas as pessoas autorizadas a trat\u00e1-las.<\/p><p>Para garantia da seguran\u00e7a da informa\u00e7\u00e3o, usamos recursos tecnol\u00f3gicos protegendo todo ambiente de ataques externos, fraudes, e qualquer amea\u00e7a.<\/p><p><strong>Pol\u00edtica Interna de Seguran\u00e7a da Informa\u00e7\u00e3o<\/strong><\/p><p>Os parceiros da Proc\u00f3pio se comprometam com as diretrizes, mantendo as informa\u00e7\u00f5es seguras, assim como os Ativos, estrutura t\u00e9cnica, garantimos assim a seguran\u00e7a.<\/p><p><strong>Temas abordados na Pol\u00edtica de Seguran\u00e7a da Informa\u00e7\u00e3o:<\/strong><\/p><p>A) Tecnologia<\/p><p>B) Seguran\u00e7a da Informa\u00e7\u00e3o e confidencialidade.<\/p><p>C) Viola\u00e7\u00e3o e Classifica\u00e7\u00e3o.<\/p><p><strong>Responsabilidade:<\/strong><\/p><p>Todos os envolvidos Parceiros e fornecedores, s\u00e3o treinados antes de iniciar as atividades, e todos assinam documento de confidencialidade, conformidade a LGPD e seguran\u00e7a da informa\u00e7\u00e3o, nossos parceiros\/fornecedores, tamb\u00e9m assinam os termos de confidencialidade, conformidade a LGPD e seguran\u00e7a da Informa\u00e7\u00e3o.<\/p>\t\t\t\t\t\t\t\t<\/div>\n\t\t\t\t<\/div>\n\t\t\t\t\t<\/div>\n\t\t<\/div>\n\t\t\t\t\t<\/div>\n\t\t<\/section>\n\t\t\t\t<\/div>\n\t\t","protected":false},"excerpt":{"rendered":"<p>Seguran\u00e7a da Informa\u00e7\u00e3o Temos objetivos claros em rela\u00e7\u00e3o a Seguran\u00e7a da Informa\u00e7\u00e3o, a base de prote\u00e7\u00e3o \u00e0 informa\u00e7\u00e3o, s\u00e3o atividades cont\u00ednuas para a prote\u00e7\u00e3o da informa\u00e7\u00e3o. \u00a0 S\u00e3o elas: Garantia de Integridade:\u00a0Garantir que as informa\u00e7\u00f5es sejam mantidas \u00edntegras, sem modifica\u00e7\u00f5es indevidas acidentais ou propositais; Garantia de Confidencialidade:\u00a0Garantir que as informa\u00e7\u00f5es tratadas sejam de conhecimento exclusivo [&hellip;]<\/p>\n","protected":false},"author":1,"featured_media":0,"parent":0,"menu_order":0,"comment_status":"closed","ping_status":"closed","template":"","meta":{"footnotes":""},"class_list":["post-215","page","type-page","status-publish","hentry"],"_links":{"self":[{"href":"https:\/\/procopiosolucoesfinanceira.com.br\/index.php?rest_route=\/wp\/v2\/pages\/215","targetHints":{"allow":["GET"]}}],"collection":[{"href":"https:\/\/procopiosolucoesfinanceira.com.br\/index.php?rest_route=\/wp\/v2\/pages"}],"about":[{"href":"https:\/\/procopiosolucoesfinanceira.com.br\/index.php?rest_route=\/wp\/v2\/types\/page"}],"author":[{"embeddable":true,"href":"https:\/\/procopiosolucoesfinanceira.com.br\/index.php?rest_route=\/wp\/v2\/users\/1"}],"replies":[{"embeddable":true,"href":"https:\/\/procopiosolucoesfinanceira.com.br\/index.php?rest_route=%2Fwp%2Fv2%2Fcomments&post=215"}],"version-history":[{"count":10,"href":"https:\/\/procopiosolucoesfinanceira.com.br\/index.php?rest_route=\/wp\/v2\/pages\/215\/revisions"}],"predecessor-version":[{"id":239,"href":"https:\/\/procopiosolucoesfinanceira.com.br\/index.php?rest_route=\/wp\/v2\/pages\/215\/revisions\/239"}],"wp:attachment":[{"href":"https:\/\/procopiosolucoesfinanceira.com.br\/index.php?rest_route=%2Fwp%2Fv2%2Fmedia&parent=215"}],"curies":[{"name":"wp","href":"https:\/\/api.w.org\/{rel}","templated":true}]}}