{"id":192,"date":"2025-05-08T17:29:02","date_gmt":"2025-05-08T17:29:02","guid":{"rendered":"https:\/\/procopiosolucoesfinanceira.com.br\/?page_id=192"},"modified":"2025-05-13T11:59:17","modified_gmt":"2025-05-13T14:59:17","slug":"politica-de-privacidade-publica","status":"publish","type":"page","link":"https:\/\/procopiosolucoesfinanceira.com.br\/?page_id=192","title":{"rendered":"Pol\u00edtica de Privacidade P\u00fablica"},"content":{"rendered":"\t\t<div data-elementor-type=\"wp-page\" data-elementor-id=\"192\" class=\"elementor elementor-192\" data-elementor-post-type=\"page\">\n\t\t\t\t\t\t<section class=\"elementor-section elementor-top-section elementor-element elementor-element-6dcc63c elementor-section-boxed elementor-section-height-default elementor-section-height-default\" data-id=\"6dcc63c\" data-element_type=\"section\">\n\t\t\t\t\t\t<div class=\"elementor-container elementor-column-gap-default\">\n\t\t\t\t\t<div class=\"elementor-column elementor-col-100 elementor-top-column elementor-element elementor-element-664ad93\" data-id=\"664ad93\" data-element_type=\"column\">\n\t\t\t<div class=\"elementor-widget-wrap elementor-element-populated\">\n\t\t\t\t\t\t<div class=\"elementor-element elementor-element-3e2a0e4 elementor-widget elementor-widget-heading\" data-id=\"3e2a0e4\" data-element_type=\"widget\" data-widget_type=\"heading.default\">\n\t\t\t\t<div class=\"elementor-widget-container\">\n\t\t\t\t\t<h2 class=\"elementor-heading-title elementor-size-default\">Pol\u00edtica de Privacidade P\u00fablica<\/h2>\t\t\t\t<\/div>\n\t\t\t\t<\/div>\n\t\t\t\t<div class=\"elementor-element elementor-element-0a7404a elementor-widget elementor-widget-text-editor\" data-id=\"0a7404a\" data-element_type=\"widget\" data-widget_type=\"text-editor.default\">\n\t\t\t\t<div class=\"elementor-widget-container\">\n\t\t\t\t\t\t\t\t\t<p class=\"MsoNormal\">A Proc\u00f3pio se compromete com a transpar\u00eancia do tratamento de dados pessoais dos clientes, privacidade \u00e9 prioridade.<\/p><p class=\"MsoNormal\">A Proc\u00f3pio \u00e9 autorizada por IF\u00b4s Institui\u00e7\u00e3o Financeira, para presta\u00e7\u00e3o de servi\u00e7os como correspondente banc\u00e1rio, a presta\u00e7\u00e3o de servi\u00e7o \u00e9 direta com os titulares, por esse motivo presente na Pol\u00edtica de Privacidade estabelece como \u00e9 feito o uso e transfer\u00eancia de informa\u00e7\u00f5es de clientes.<\/p><p class=\"MsoNormal\">Usamos as informa\u00e7\u00f5es pessoais nas formas descritas nesta Pol\u00edtica, sob as normas de Prote\u00e7\u00e3o de Dados (LGPD, Lei Federal 13.709\/2018), das disposi\u00e7\u00f5es consumeristas da Lei Federal 8078\/1990 e as demais normas do ordenamento jur\u00eddico brasileiro aplic\u00e1veis.<\/p><p class=\"MsoNormal\"><b>Sobre dados e utiliza\u00e7\u00e3o:<\/b>\u00a0Utilizamos alguns dados pessoais, de forma a viabilizar a presta\u00e7\u00e3o de servi\u00e7os, os dados s\u00e3o transmitidos por meios seguros.<\/p><p class=\"MsoNormal\"><b>Dados Seguro: <\/b>Para mantermos informa\u00e7\u00f5es pessoais dos titulares seguras, usamos ferramentas f\u00edsicas, eletr\u00f4nicas e gerenciais orientadas para a prote\u00e7\u00e3o da sua privacidade.<\/p><p class=\"MsoListParagraphCxSpFirst\" style=\"text-indent: -18.0pt; mso-list: l0 level1 lfo1;\"><!-- [if !supportLists]-->\u00a0 \u00a0 \u00a0 A)<span style=\"font-variant-numeric: normal; font-variant-east-asian: normal; font-variant-alternates: normal; font-size-adjust: none; font-kerning: auto; font-optical-sizing: auto; font-feature-settings: normal; font-variation-settings: normal; font-variant-position: normal; font-variant-emoji: normal; font-stretch: normal; font-size: 7pt; line-height: normal; font-family: 'Times New Roman';\">\u00a0\u00a0<\/span>Apenas pessoas autorizadas t\u00eam acesso aos dados.<\/p><p class=\"MsoListParagraphCxSpLast\" style=\"text-indent: -18.0pt; mso-list: l0 level1 lfo1;\"><!-- [if !supportLists]-->\u00a0 \u00a0 \u00a0 B)<span style=\"font-variant-numeric: normal; font-variant-east-asian: normal; font-variant-alternates: normal; font-size-adjust: none; font-kerning: auto; font-optical-sizing: auto; font-feature-settings: normal; font-variation-settings: normal; font-variant-position: normal; font-variant-emoji: normal; font-stretch: normal; font-size: 7pt; line-height: normal; font-family: 'Times New Roman';\">\u00a0\u00a0<\/span>O acesso a dados pessoais \u00e9 feito somente ap\u00f3s o compromisso de confidencialidade.<\/p><p class=\"MsoNormal\"><b>Coleta os dados:<\/b>\u00a0Importante ressaltar que a Proc\u00f3pio \u00e9 Operador e a IF Controlador, nesse sentido n\u00e3o controlamos os dados.<\/p><p class=\"MsoNormal\"><b>Compartilhamento:\u00a0<\/b>Tendo em vista a preserva\u00e7\u00e3o da privacidade, a Proc\u00f3pio n\u00e3o compartilha dados pessoais com nenhum terceiro n\u00e3o autorizado.<\/p><p class=\"MsoNormal\"><b>Consentimento:<\/b>\u00a0O consentimento \u00e9 a manifesta\u00e7\u00e3o livre, pela qual o cliente autoriza a IF a tratar seus dados.<\/p><p class=\"MsoNormal\">Assim, em conson\u00e2ncia com a Lei Geral de Prote\u00e7\u00e3o de Dados, os dados ser\u00e3o tratados e armazenados mediante pr\u00e9vio e expresso consentimento entre Cliente Titular e IF = Titular x Controlador.<\/p><p class=\"MsoNormal\">Ao utilizar os servi\u00e7os da Proc\u00f3pio o titular poder\u00e1 ou n\u00e3o confirmar os dados para seguran\u00e7a e prosseguimento do processo de atendimento, com a seguran\u00e7a de receber informa\u00e7\u00f5es e canal direto (telefone) da IF ao final do contato para qualquer solicita\u00e7\u00e3o ou direito LGPD<\/p><p class=\"MsoNormal\">A revoga\u00e7\u00e3o do consentimento para o tratamento dos dados deve ser entre\u00a0<b>Titular x IF<\/b>, a Proc\u00f3pio como Operador tem a obrigatoriedade de informar o titular e facilitar esse contato.<\/p><p class=\"MsoNormal\"><b>N\u00e3o me perturbe: <\/b>A Proc\u00f3pio tem o cuidado de consultar todos os telefones e clientes cadastrados no (N\u00e3o me perturbe) n\u00e3o recebem nenhum tipo de comunica\u00e7\u00e3o.<\/p><p class=\"MsoNormal\">A Proc\u00f3pio n\u00e3o \u00e9 autorizada a emitir boletos e receber pagamentos, em nome da IF.<\/p><p class=\"MsoNormal\"><b>Confidencialidade de colaboradores e fornecedores<\/b>.<\/p><p class=\"MsoNormal\">Para garantia da confidencialidade, todos os parceiros\/fornecedores assinaram:<\/p><p class=\"MsoNormal\"><b>Termo de confidencialidade\/<\/b> <b>conformidade com a LGPD<\/b>\u00a0\u2013 Como regra e clausula todos os parceiros e fornecedores tem a obrigatoriedade de assinar o termo de confidencialidade e termo de comprometimento e conformidade com a LGPD.<\/p><p class=\"MsoNormal\"><span style=\"font-weight: bold;\">Den\u00fancias<\/span>\u00a0\u2013 Qualquer den\u00fancia de viola\u00e7\u00e3o, em rela\u00e7\u00e3o a privacidade LGPD, ou referente a N\u00e3o perturbe, ou qualquer outro tipo de den\u00fancia, que agride ou fere a condi\u00e7\u00e3o humana, pessoal, social, econ\u00f4mica, registre aqui mesmo no campo\u00a0<span style=\"font-weight: bold;\">Ouvidoria<\/span>, sua den\u00fancia ser\u00e1 tratada, solucionada e garantimos o seu anonimato.<\/p>\t\t\t\t\t\t\t\t<\/div>\n\t\t\t\t<\/div>\n\t\t\t\t\t<\/div>\n\t\t<\/div>\n\t\t\t\t\t<\/div>\n\t\t<\/section>\n\t\t\t\t<\/div>\n\t\t","protected":false},"excerpt":{"rendered":"<p>Pol\u00edtica de Privacidade P\u00fablica A Proc\u00f3pio se compromete com a transpar\u00eancia do tratamento de dados pessoais dos clientes, privacidade \u00e9 prioridade. A Proc\u00f3pio \u00e9 autorizada por IF\u00b4s Institui\u00e7\u00e3o Financeira, para presta\u00e7\u00e3o de servi\u00e7os como correspondente banc\u00e1rio, a presta\u00e7\u00e3o de servi\u00e7o \u00e9 direta com os titulares, por esse motivo presente na Pol\u00edtica de Privacidade estabelece como [&hellip;]<\/p>\n","protected":false},"author":1,"featured_media":0,"parent":0,"menu_order":0,"comment_status":"closed","ping_status":"closed","template":"","meta":{"footnotes":""},"class_list":["post-192","page","type-page","status-publish","hentry"],"_links":{"self":[{"href":"https:\/\/procopiosolucoesfinanceira.com.br\/index.php?rest_route=\/wp\/v2\/pages\/192","targetHints":{"allow":["GET"]}}],"collection":[{"href":"https:\/\/procopiosolucoesfinanceira.com.br\/index.php?rest_route=\/wp\/v2\/pages"}],"about":[{"href":"https:\/\/procopiosolucoesfinanceira.com.br\/index.php?rest_route=\/wp\/v2\/types\/page"}],"author":[{"embeddable":true,"href":"https:\/\/procopiosolucoesfinanceira.com.br\/index.php?rest_route=\/wp\/v2\/users\/1"}],"replies":[{"embeddable":true,"href":"https:\/\/procopiosolucoesfinanceira.com.br\/index.php?rest_route=%2Fwp%2Fv2%2Fcomments&post=192"}],"version-history":[{"count":31,"href":"https:\/\/procopiosolucoesfinanceira.com.br\/index.php?rest_route=\/wp\/v2\/pages\/192\/revisions"}],"predecessor-version":[{"id":291,"href":"https:\/\/procopiosolucoesfinanceira.com.br\/index.php?rest_route=\/wp\/v2\/pages\/192\/revisions\/291"}],"wp:attachment":[{"href":"https:\/\/procopiosolucoesfinanceira.com.br\/index.php?rest_route=%2Fwp%2Fv2%2Fmedia&parent=192"}],"curies":[{"name":"wp","href":"https:\/\/api.w.org\/{rel}","templated":true}]}}